{"id":21036,"date":"2020-12-20T20:05:57","date_gmt":"2020-12-20T19:05:57","guid":{"rendered":"https:\/\/invester.at\/projects\/"},"modified":"2023-07-25T14:26:28","modified_gmt":"2023-07-25T12:26:28","slug":"projects","status":"publish","type":"page","link":"https:\/\/invester.at\/en\/projects\/","title":{"rendered":"Projects"},"content":{"rendered":"<p>[et_pb_section fb_built=&#8221;1&#8243; _builder_version=&#8221;4.16&#8243; locked=&#8221;off&#8221; global_colors_info=&#8221;{}&#8221;][et_pb_row _builder_version=&#8221;4.16&#8243; background_enable_color=&#8221;off&#8221; background_size=&#8221;initial&#8221; background_position=&#8221;top_left&#8221; background_repeat=&#8221;repeat&#8221; width=&#8221;100%&#8221; max_width=&#8221;90%&#8221; custom_margin=&#8221;-20px||||false|false&#8221; locked=&#8221;off&#8221; global_colors_info=&#8221;{}&#8221;][et_pb_column type=&#8221;4_4&#8243; _builder_version=&#8221;4.16&#8243; custom_padding=&#8221;|||&#8221; global_colors_info=&#8221;{}&#8221; custom_padding__hover=&#8221;|||&#8221;][et_pb_blurb content_max_width=&#8221;100%&#8221; admin_label=&#8221;Header&#8221; _builder_version=&#8221;4.16&#8243; header_font=&#8221;|||on|||||&#8221; header_text_align=&#8221;left&#8221; header_text_color=&#8221;#003c73&#8243; header_font_size=&#8221;28px&#8221; header_letter_spacing=&#8221;1px&#8221; header_line_height=&#8221;1.4em&#8221; body_font=&#8221;|||on|||||&#8221; body_text_align=&#8221;left&#8221; body_text_color=&#8221;#003c73&#8243; body_font_size=&#8221;36px&#8221; body_letter_spacing=&#8221;1px&#8221; body_line_height=&#8221;1.4em&#8221; text_orientation=&#8221;center&#8221; custom_margin=&#8221;||||false|false&#8221; custom_margin_tablet=&#8221;|-70px|||false|false&#8221; custom_margin_phone=&#8221;|-70px|||false|false&#8221; custom_margin_last_edited=&#8221;off|desktop&#8221; custom_padding=&#8221;||||false|false&#8221; body_font_size_tablet=&#8221;&#8221; body_font_size_phone=&#8221;24px&#8221; body_font_size_last_edited=&#8221;on|phone&#8221; global_colors_info=&#8221;{}&#8221;]<\/p>\n<div id=\"pagesBlockId388\" class=\"grid grid_medium_space pagesBlockInit\" data-start=\"0\" data-iscopy=\"0\" data-end=\"0\" data-id=\"388\" data-edited=\"1572862383\" data-layout=\"multicolumn\" data-color=\"color\" data-colorvalue=\"rgba(0,0,0,1)\">\n<div class=\"gridpage textHighlight textLeft\" data-option=\"input|id|ueberuns|ID (f\u00fcr Scroll)|[X]select|spacing|grid_medium_space|Abstand|grid_no_space=kein Abstand,grid_minimal_space=geringer Abstand,grid_medium_space=mittlerer Abstand,grid_large_space=gro\u00dfer Abstand[X]select|grid||Breite|=Normal,grid=ganze Breite,grid_wrapper=Schmal,grid_wrapper_small=Sehr schmal[X]select|color|textHighlight|Textfarbe|textContrast=Kontrastfarbe,textHighlight=Highlightfarbe,textAccent=Akzentfarbe[X]select|headline|1|\u00dcberschrift anzeigen|1=Ja,0=Nein[X]select|name|2|\u00dcberschriftenart|1=\u00dcberschrift 1,2=\u00dcberschrift 2,3=\u00dcberschrift 3,4=\u00dcberschrift 4|headline|0[X]select|headline_column|0|\u00dcberschriftentyp|0=pro Spalte,1=\u00fcber alle Spalten|headline|0[X]select|button|1|Button anzeigen|1=Ja,0=Nein[X]select|align|textLeft|Anordnung|textLeft=Links,textCenter=Mittig,textRight=Rechts,textJustify=Blocksatz[X]select|auto_url|0|Automatische Verlinkungen|0=Nein,1=Ja[X]select|image|0|Bildgr\u00f6\u00dfe|0=Skalieren,1=Einpassen[X]select|portrait|0|Portraits|0=Nein,1=Ja[X]select|columns|1|Spaltigkeit|1=keine Spalten,2=2 Spalten,3=3 Spalten,4=4 Spalten[X]select|claim|0|Claim anzeigen|0=Nein,1=Ja[X]select|slidemobile|0|Inhalte mobil sliden|0=Nein,1=Ja[X]input|return||Zur\u00fccklink[X]select|accent|markedTransparent|Akzentfarbe|markedTransparent=Keine,markedYellow=Gelb,markedRed=Rot,markedTurquoise=T\u00fcrkis,markedOlive=Olive,markedBrown=Braun[X]select|logoonly|0|Nur Logo (3 Spalten)|0=Nein,1=Ja[X]select|float|0|Automatischer Textumfluss|0=Nein,1=Ja\">\n<div class=\"grid_twelve_twelfth grid_container1 \">\n<div class=\"grid_item grid_border grid_columns1\">\n<p class=\"grid_mobile_space\" data-name=\"title1\"><strong>UNITED PROJECTS<\/strong><\/p>\n<\/div>\n<\/div>\n<\/div>\n<\/div>\n<p>[\/et_pb_blurb][et_pb_blurb content_max_width=&#8221;100%&#8221; admin_label=&#8221;Sub_Header&#8221; _builder_version=&#8221;4.16&#8243; header_font=&#8221;|||on|||||&#8221; header_text_align=&#8221;left&#8221; header_text_color=&#8221;#003c73&#8243; header_font_size=&#8221;28px&#8221; header_letter_spacing=&#8221;1px&#8221; header_line_height=&#8221;1.4em&#8221; body_font=&#8221;|||on|||||&#8221; body_text_align=&#8221;left&#8221; body_text_color=&#8221;#003c73&#8243; body_font_size=&#8221;28px&#8221; body_letter_spacing=&#8221;1px&#8221; body_line_height=&#8221;1.4em&#8221; background_enable_color=&#8221;off&#8221; text_orientation=&#8221;center&#8221; custom_margin=&#8221;-30px||||false|false&#8221; custom_padding=&#8221;||||false|false&#8221; body_font_size_tablet=&#8221;&#8221; body_font_size_phone=&#8221;20px&#8221; body_font_size_last_edited=&#8221;on|phone&#8221; global_colors_info=&#8221;{}&#8221;]<\/p>\n<p>Identifying opportunities at the right time and investing profitably.<\/p>\n<p>[\/et_pb_blurb][et_pb_blurb content_max_width=&#8221;110%&#8221; admin_label=&#8221;Information_Text&#8221; _builder_version=&#8221;4.16&#8243; header_font=&#8221;|||on|||||&#8221; header_text_align=&#8221;left&#8221; header_text_color=&#8221;#003c73&#8243; header_font_size=&#8221;28px&#8221; header_letter_spacing=&#8221;1px&#8221; header_line_height=&#8221;1.4em&#8221; body_font=&#8221;|300|||||||&#8221; body_text_align=&#8221;left&#8221; body_text_color=&#8221;#434343&#8243; body_font_size=&#8221;16px&#8221; body_line_height=&#8221;1.5em&#8221; text_orientation=&#8221;center&#8221; custom_margin=&#8221;||||false|false&#8221; custom_padding=&#8221;||||false|false&#8221; global_colors_info=&#8221;{}&#8221;]<\/p>\n<p>The real challenge of any real estate development is to select a suitable property in order to create a sustainable, successful real estate project. It is our avowed goal to make this happen.<\/p>\n<p>[\/et_pb_blurb][\/et_pb_column][\/et_pb_row][et_pb_row disabled_on=&#8221;off|off|off&#8221; _builder_version=&#8221;4.16&#8243; background_size=&#8221;initial&#8221; background_position=&#8221;top_left&#8221; background_repeat=&#8221;repeat&#8221; width=&#8221;100%&#8221; max_width=&#8221;90%&#8221; locked=&#8221;off&#8221; global_colors_info=&#8221;{}&#8221;][et_pb_column type=&#8221;4_4&#8243; _builder_version=&#8221;4.16&#8243; custom_padding=&#8221;|||&#8221; global_colors_info=&#8221;{}&#8221; custom_padding__hover=&#8221;|||&#8221;][et_pb_dpfilterable_blog custom_post_types=&#8221;project&#8221; include_categories=&#8221;12,13&#8243; all_text=&#8221;All&#8221; show_categories=&#8221;off&#8221; custom_fields=&#8221;on&#8221; custom_field_names=&#8221;city_country&#8221; custom_field_labels=&#8221; &#8221; show_pagination=&#8221;off&#8221; fullwidth=&#8221;off&#8221; zoom_icon_color=&#8221;rgba(0,60,115,0)&#8221; hover_overlay_color=&#8221;rgba(0,60,115,0.6)&#8221; admin_label=&#8221;DP Filterable Project Portfolio&#8221; _builder_version=&#8221;4.21.0&#8243; filter_font=&#8221;|||on|||||&#8221; filter_text_color=&#8221;#003c73&#8243; filter_line_height=&#8221;1.3em&#8221; filter_active_font=&#8221;|||on|||||&#8221; filter_active_text_color=&#8221;#ffffff&#8221; filter_active_line_height=&#8221;1.3em&#8221; title_font=&#8221;Montserrat|||on|||||&#8221; title_text_color=&#8221;#434343&#8243; title_font_size=&#8221;15px&#8221; title_line_height=&#8221;1.6em&#8221; caption_font=&#8221;Montserrat|300|||||||&#8221; caption_text_color=&#8221;#434343&#8243; caption_line_height=&#8221;1em&#8221; cf_label_font=&#8221;Montserrat|300|||||||&#8221; cf_label_text_color=&#8221;#434343&#8243; cf_label_line_height=&#8221;1em&#8221; cf_value_font=&#8221;Montserrat|300|||||||&#8221; cf_value_text_color=&#8221;#434343&#8243; cf_value_line_height=&#8221;1em&#8221; pagination_font=&#8221;|||on|||||&#8221; pagination_text_color=&#8221;#434343&#8243; pagination_font_size=&#8221;15px&#8221; pagination_line_height=&#8221;1.3em&#8221; width=&#8221;100%&#8221; max_width=&#8221;97%&#8221; module_alignment=&#8221;left&#8221; custom_margin=&#8221;||||false|false&#8221; custom_padding=&#8221;||||false|false&#8221; hover_enabled=&#8221;0&#8243; filter_font_tablet=&#8221;&#8221; filter_font_phone=&#8221;&#8221; filter_font_last_edited=&#8221;on|desktop&#8221; filter_font_size_tablet=&#8221;&#8221; filter_font_size_phone=&#8221;11px&#8221; filter_font_size_last_edited=&#8221;on|desktop&#8221; custom_css_active_portfolio_filter=&#8221;background-color: #003c73 !important;&#8221; custom_css_portfolio_image=&#8221;\/*CSS transitions*\/||-o-transition-property: none !important;||-moz-transition-property: none !important;||-ms-transition-property: none !important;||-webkit-transition-property: none !important;||transition-property: none !important;||||\/*CSS size of thumbnail images*\/||width: 115% !important;||min-width: 115%;||max-width: 115%;||height: 100% !important;||min-height: 100%;||max-height: 100%;&#8221; custom_css_overlay=&#8221;\/*CSS size of overlay*\/||width: 115% !important;||min-width: 115%;||max-width: 115%;||height: 100% !important;||min-height: 100%;||max-height: 100%;&#8221; custom_css_portfolio_title=&#8221;\/*CSS size of title*\/||width: 115% !important;||min-width: 115%;||max-width: 115%;||height: 100% !important;||min-height: 100%;||max-height: 100%;&#8221; custom_css_portfolio_post_meta=&#8221;pointer-events: none;&#8221; global_colors_info=&#8221;{}&#8221; custom_css_portfolio_image_last_edited=&#8221;on|desktop&#8221; custom_css_portfolio_filters_last_edited=&#8221;on|phone&#8221; custom_css_portfolio_filters_phone=&#8221;width: 110%;||&#8221; custom_css_portfolio_image_phone=&#8221;\/*CSS transitions*\/||-o-transition-property: none !important;||-moz-transition-property: none !important;||-ms-transition-property: none !important;||-webkit-transition-property: none !important;||transition-property: none !important;||||\/*CSS size of thumbnail images*\/||width: 105% !important;||min-width: 105%;||max-width: 105%;||height: 100% !important;||min-height: 100%;||max-height: 100%;&#8221; custom_css_overlay_last_edited=&#8221;on|phone&#8221; custom_css_overlay_phone=&#8221;\/*CSS size of overlay*\/||width: 105% !important;||min-width: 105%;||max-width: 105%;||height: 100% !important;||min-height: 100%;||max-height: 100%;&#8221; custom_css_portfolio_title_last_edited=&#8221;on|phone&#8221; custom_css_portfolio_title_phone=&#8221;\/*CSS size of title*\/||width: 100% !important;||min-width: 100%;||max-width: 100%;||height: 100% !important;||min-height: 100%;||max-height: 100%;||margin-bottom: -8px ;&#8221; custom_css_portfolio_post_meta_last_edited=&#8221;on|desktop&#8221; custom_css_portfolio_image_tablet=&#8221;\/*CSS transitions*\/||-o-transition-property: none !important;||-moz-transition-property: none !important;||-ms-transition-property: none !important;||-webkit-transition-property: none !important;||transition-property: none !important;||||\/*CSS size of thumbnail images*\/||width: 115% !important;||min-width: 115%;||max-width: 115%;||height: 100% !important;||min-height: 100%;||max-height: 100%;&#8221; custom_css_overlay_tablet=&#8221;\/*CSS size of overlay*\/||width: 115% !important;||min-width: 115%;||max-width: 115%;||height: 100% !important;||min-height: 100%;||max-height: 100%;&#8221; custom_css_portfolio_title_tablet=&#8221;\/*CSS size of title*\/||width: 115% !important;||min-width: 115%;||max-width: 115%;||height: 100% !important;||min-height: 100%;||max-height: 100%;&#8221; custom_css_portfolio_post_meta_tablet=&#8221;pointer-events: none;&#8221; custom_css_portfolio_post_meta_phone=&#8221;pointer-events: none;&#8221; posts_number=&#8221;100&#8243; sticky_enabled=&#8221;0&#8243;][\/et_pb_dpfilterable_blog][\/et_pb_column][\/et_pb_row][et_pb_row module_id=&#8221;presse-kontakt&#8221; _builder_version=&#8221;4.16&#8243; background_enable_color=&#8221;off&#8221; background_size=&#8221;initial&#8221; background_position=&#8221;top_left&#8221; background_repeat=&#8221;repeat&#8221; width=&#8221;100%&#8221; max_width=&#8221;90%&#8221; locked=&#8221;off&#8221; global_colors_info=&#8221;{}&#8221;][et_pb_column type=&#8221;4_4&#8243; _builder_version=&#8221;4.16&#8243; custom_padding=&#8221;|||&#8221; global_colors_info=&#8221;{}&#8221; custom_padding__hover=&#8221;|||&#8221;][et_pb_divider show_divider=&#8221;off&#8221; _builder_version=&#8221;4.16&#8243; height=&#8221;90px&#8221; global_colors_info=&#8221;{}&#8221;][\/et_pb_divider][\/et_pb_column][\/et_pb_row][\/et_pb_section][et_pb_section fb_built=&#8221;1&#8243; admin_label=&#8221;Footer_global&#8221; _builder_version=&#8221;4.7.7&#8243; background_color=&#8221;#003c73&#8243; custom_margin=&#8221;||-10px||false|false&#8221; custom_margin_tablet=&#8221;&#8221; custom_margin_phone=&#8221;||-10px||false|false&#8221; custom_margin_last_edited=&#8221;on|phone&#8221; global_module=&#8221;18963&#8243; saved_tabs=&#8221;all&#8221; locked=&#8221;off&#8221; collapsed=&#8221;off&#8221; global_colors_info=&#8221;{}&#8221;][et_pb_row column_structure=&#8221;1_3,1_3,1_3&#8243; admin_label=&#8221;Row_1_Desktop_and_mobile&#8221; _builder_version=&#8221;4.16&#8243; background_color=&#8221;#003c73&#8243; max_width=&#8221;90%&#8221; custom_margin=&#8221;20px||||false|false&#8221; custom_margin_tablet=&#8221;&#8221; custom_margin_phone=&#8221;-20px||||false|false&#8221; custom_margin_last_edited=&#8221;on|desktop&#8221; collapsed=&#8221;off&#8221; global_colors_info=&#8221;{}&#8221;][et_pb_column type=&#8221;1_3&#8243; _builder_version=&#8221;4.16&#8243; global_colors_info=&#8221;{}&#8221;][et_pb_text admin_label=&#8221;Kontaktdaten&#8221; _builder_version=&#8221;4.16&#8243; text_font=&#8221;Montserrat|300|||||||&#8221; text_text_color=&#8221;#ffffff&#8221; text_font_size=&#8221;16px&#8221; text_line_height=&#8221;1.6em&#8221; width=&#8221;100%&#8221; width_tablet=&#8221;&#8221; width_phone=&#8221;100%&#8221; width_last_edited=&#8221;on|phone&#8221; custom_margin=&#8221;||||false|false&#8221; custom_margin_tablet=&#8221;&#8221; custom_margin_phone=&#8221;&#8221; custom_margin_last_edited=&#8221;on|phone&#8221; custom_padding=&#8221;0px|0px|0px|0px|false|false&#8221; text_font_size_tablet=&#8221;&#8221; text_font_size_phone=&#8221;16px&#8221; text_font_size_last_edited=&#8221;on|desktop&#8221; global_colors_info=&#8221;{}&#8221; text_text_color__hover_enabled=&#8221;on|hover&#8221; text_text_color__hover=&#8221;#ffffff&#8221;]<\/p>\n<p><strong>Invester United Benefits GmbH<br \/> <\/strong>Parkring 12, 1010 Wien, \u00d6sterreich<br \/> <span style=\"text-decoration: underline;\"><span style=\"color: #ffffff;\"><a href=\"https:\/\/www.google.at\/maps\/place\/Invester+United+Benefits+GmbH\/@48.2056319,16.3756734,17z\/data=!3m1!4b1!4m5!3m4!1s0x476d077592a9c8a7:0xbde87c93621c30d0!8m2!3d48.2056319!4d16.3778621\" target=\"_blank\" rel=\"noopener noreferrer\" style=\"color: #ffffff; text-decoration: underline;\">In Google Maps anzeigen<\/a><\/span><\/span><\/p>\n<p><span style=\"color: #ffffff;\">Tel.:\u00a0<a style=\"color: #ffffff;\" href=\"tel:+43 1 512 05 33 0\">+43 \/ 1 \/ 512 05 33 \u2013 0<\/a><\/span><br \/> <span style=\"color: #ffffff;\"> Fax:\u00a0<a style=\"color: #ffffff;\" href=\"tel:+43 1 512 05 33 33\">+43 \/ 1 \/ 512 05 33 \u2013 33<\/a><\/span><br \/> <span style=\"color: #ffffff;\"> E-Mail:\u00a0<a style=\"color: #ffffff;\" href=\"mailto:office@invester.at\">office@invester.at<\/a><\/span><\/p>\n<p>[\/et_pb_text][\/et_pb_column][et_pb_column type=&#8221;1_3&#8243; _builder_version=&#8221;4.16&#8243; custom_padding=&#8221;||||false|false&#8221; global_colors_info=&#8221;{}&#8221;][et_pb_text content_tablet=&#8221;<span style=color:=%22%22 ffffff=%22%22><a style=%22color: #ffffff;%22 href=%22https:\/\/invester.at\/en\/unternehmen%22>Company<\/a><\/span>&#8221; content_phone=&#8221;&#8221; content_last_edited=&#8221;on|phone&#8221; disabled_on=&#8221;off|off|off&#8221; admin_label=&#8221;Unternehmen&#8221; _builder_version=&#8221;4.18.0&#8243; text_font=&#8221;|||on|||||&#8221; text_text_color=&#8221;#ffffff&#8221; width=&#8221;100%&#8221; custom_margin=&#8221;||||false|false&#8221; custom_padding=&#8221;0px|0px|0px|0px|false|false&#8221; global_colors_info=&#8221;{}&#8221; text_text_color__hover_enabled=&#8221;on|hover&#8221; text_text_color__hover=&#8221;#afafaf&#8221;]<\/p>\n<p><span style=\"margin-left: 70px;\"><a style=\"color: #ffffff;\" href=\"https:\/\/invester.at\/en\/company\/\">Unternehmen<\/a><\/span><\/p>\n<p>[\/et_pb_text][et_pb_text content_tablet=&#8221;<\/p>\n<p><span style=color: #ffffff;%22><a style=%22color: #ffffff;%22 href=%22https:\/\/invester.at\/en\/company\/competencies\/%22>Competencies<\/a><\/span><\/p>\n<p>&#8221; content_phone=&#8221;&#8221; content_last_edited=&#8221;on|phone&#8221; disabled_on=&#8221;off|off|off&#8221; admin_label=&#8221;Kompetenzen&#8221; _builder_version=&#8221;4.18.0&#8243; text_font=&#8221;|||on|||||&#8221; text_text_color=&#8221;#ffffff&#8221; width=&#8221;100%&#8221; width_tablet=&#8221;&#8221; width_phone=&#8221;&#8221; width_last_edited=&#8221;on|phone&#8221; custom_margin=&#8221;-20px||||false|false&#8221; custom_padding=&#8221;0px|0px|0px|0px|false|false&#8221; global_colors_info=&#8221;{}&#8221; text_text_color__hover_enabled=&#8221;on|hover&#8221; text_text_color__hover=&#8221;#afafaf&#8221;]<\/p>\n<p><span style=\"margin-left: 70px; \"\"color: #ffffff;\"><a style=\"color: #ffffff;\" href=\"https:\/\/invester.at\/en\/company\/competencies\/\">Kompetenzen<\/a><\/span><\/p>\n<p>[\/et_pb_text][et_pb_text content_tablet=&#8221;<\/p>\n<p><span style=color: #ffffff;%22><a style=%22color: #ffffff;%22 href=%22https:\/\/invester.at\/en\/projects\/%22>Projects<\/a><\/span><\/p>\n<p>&#8221; content_phone=&#8221;&#8221; content_last_edited=&#8221;on|tablet&#8221; disabled_on=&#8221;off|off|off&#8221; admin_label=&#8221;Projekte&#8221; _builder_version=&#8221;4.18.0&#8243; text_font=&#8221;|||on|||||&#8221; text_text_color=&#8221;#ffffff&#8221; width=&#8221;100%&#8221; custom_margin=&#8221;-20px||||false|false&#8221; custom_padding=&#8221;0px|0px|0px|0px|false|false&#8221; global_colors_info=&#8221;{}&#8221; text_text_color__hover_enabled=&#8221;on|hover&#8221; text_text_color__hover=&#8221;#afafaf&#8221;]<\/p>\n<p><span style=\"margin-left: 70px; \" \"color: #ffffff;\"><a style=\"color: #ffffff;\" href=\"https:\/\/invester.at\/en\/projects\/\">Projekte<\/a><\/span><\/p>\n<p>[\/et_pb_text][et_pb_text content_tablet=&#8221;<\/p>\n<p><span style= color: #ffffff;%22><a style=%22color: #ffffff;%22 href=%22https:\/\/invester.at\/presse\/en\/news\/%22>News<\/a><\/span><\/p>\n<p>&#8221; content_phone=&#8221;&#8221; content_last_edited=&#8221;on|tablet&#8221; disabled_on=&#8221;off|off|off&#8221; admin_label=&#8221;News&#8221; _builder_version=&#8221;4.18.0&#8243; text_font=&#8221;|||on|||||&#8221; text_text_color=&#8221;#ffffff&#8221; width=&#8221;100%&#8221; custom_margin=&#8221;-20px||||false|false&#8221; custom_padding=&#8221;0px|0px|0px|0px|false|false&#8221; global_colors_info=&#8221;{}&#8221; text_text_color__hover_enabled=&#8221;on|hover&#8221; text_text_color__hover=&#8221;#afafaf&#8221;]<\/p>\n<p><span style= \"margin-left: 70px; \" \"color: #ffffff;\"><a style=\"color: #ffffff;\" href=\"https:\/\/invester.at\/en\/press\/news\/\">News<\/a><\/span><\/p>\n<p>[\/et_pb_text][\/et_pb_column][et_pb_column type=&#8221;1_3&#8243; _builder_version=&#8221;4.16&#8243; global_colors_info=&#8221;{}&#8221;][et_pb_text disabled_on=&#8221;off|off|off&#8221; admin_label=&#8221;Karriere&#8221; _builder_version=&#8221;4.18.0&#8243; text_font=&#8221;|||on|||||&#8221; text_text_color=&#8221;#ffffff&#8221; width=&#8221;100%&#8221; custom_margin=&#8221;||||false|false&#8221; custom_padding=&#8221;0px|0px|0px||false|false&#8221; global_colors_info=&#8221;{}&#8221; text_text_color__hover_enabled=&#8221;on|hover&#8221; text_text_color__hover=&#8221;#afafaf&#8221;]<\/p>\n<p style=\"text-align: left;\"><span style=\"color: #ffffff;\"><a style=\"color: #ffffff;\" href=\"https:\/\/invester.at\/en\/career\/\">Karriere<\/a><\/span><\/p>\n<p>[\/et_pb_text][et_pb_text disabled_on=&#8221;off|off|off&#8221; admin_label=&#8221;Downloads&#8221; _builder_version=&#8221;4.18.0&#8243; text_font=&#8221;|||on|||||&#8221; text_text_color=&#8221;#ffffff&#8221; width=&#8221;100%&#8221; custom_margin=&#8221;-20px||||false|false&#8221; custom_padding=&#8221;0px|0px|0px|0px|false|false&#8221; global_colors_info=&#8221;{}&#8221; text_text_color__hover_enabled=&#8221;on|hover&#8221; text_text_color__hover=&#8221;#afafaf&#8221;]<\/p>\n<p><span style=\"color: #ffffff;\"><a style=\"color: #ffffff;\" href=\"https:\/\/invester.at\/en\/press\/downloads\/\">Downloads<\/a><\/span><\/p>\n<p>[\/et_pb_text][et_pb_text disabled_on=&#8221;off|off|off&#8221; admin_label=&#8221;Datenschutz&#8221; _builder_version=&#8221;4.18.0&#8243; text_font=&#8221;|||on|||||&#8221; text_text_color=&#8221;#ffffff&#8221; width=&#8221;100%&#8221; custom_margin=&#8221;-20px||||false|false&#8221; custom_padding=&#8221;0px|0px|0px|0px|false|false&#8221; global_colors_info=&#8221;{}&#8221; text_text_color__hover_enabled=&#8221;on|hover&#8221; text_text_color__hover=&#8221;#afafaf&#8221;]<\/p>\n<p style=\"text-align: left;\"><span style=\"color: #ffffff;\"><a style=\"color: #ffffff;\" href=\"https:\/\/invester.at\/en\/data-protection\/\">Datenschutz<\/a><\/span><\/p>\n<p>[\/et_pb_text][et_pb_text disabled_on=&#8221;off|off|off&#8221; admin_label=&#8221;Impressum&#8221; _builder_version=&#8221;4.18.0&#8243; text_font=&#8221;|||on|||||&#8221; text_text_color=&#8221;#ffffff&#8221; width=&#8221;100%&#8221; custom_margin=&#8221;-20px||||false|false&#8221; custom_padding=&#8221;0px|0px|0px|0px|false|false&#8221; global_colors_info=&#8221;{}&#8221; text_text_color__hover_enabled=&#8221;on|hover&#8221; text_text_color__hover=&#8221;#afafaf&#8221;]<\/p>\n<p style=\"text-align: left;\"><span style=\"color: #ffffff;\"><a style=\"color: #ffffff;\" href=\"https:\/\/invester.at\/en\/imprint\/\">Impressum<\/a><\/span><\/p>\n<p>[\/et_pb_text][\/et_pb_column][\/et_pb_row][et_pb_row column_structure=&#8221;1_3,1_3,1_3&#8243; disabled_on=&#8221;off|off|off&#8221; admin_label=&#8221;Row_2_Desktop&#8221; _builder_version=&#8221;4.16&#8243; max_width=&#8221;90%&#8221; custom_margin=&#8221;||||false|false&#8221; global_colors_info=&#8221;{}&#8221;][et_pb_column type=&#8221;1_3&#8243; _builder_version=&#8221;4.16&#8243; global_colors_info=&#8221;{}&#8221;][\/et_pb_column][et_pb_column type=&#8221;1_3&#8243; _builder_version=&#8221;4.16&#8243; global_colors_info=&#8221;{}&#8221;][\/et_pb_column][et_pb_column type=&#8221;1_3&#8243; _builder_version=&#8221;4.16&#8243; global_colors_info=&#8221;{}&#8221;][et_pb_text disabled_on=&#8221;off|off|off&#8221; admin_label=&#8221;Copyright_Invester_United&#8221; _builder_version=&#8221;4.18.0&#8243; text_font=&#8221;|300||on|||||&#8221; text_text_color=&#8221;#ffffff&#8221; text_font_size=&#8221;13px&#8221; custom_margin=&#8221;-15px||||false|false&#8221; custom_padding=&#8221;||||false|false&#8221; global_colors_info=&#8221;{}&#8221;]<\/p>\n<p style=\"text-align: left;\">\u00a9 2020 INVESTER United Benefits GmbH<\/p>\n<p>[\/et_pb_text][\/et_pb_column][\/et_pb_row][\/et_pb_section]<\/p>\n","protected":false},"excerpt":{"rendered":"<p>UNITED PROJECTS Identifying opportunities at the right time and investing profitably.The real challenge of any real estate development is to select a suitable property in order to create a sustainable, successful real estate project. It is our avowed goal to make this happen.Invester United Benefits GmbH Parkring 12, 1010 Wien, \u00d6sterreich In Google Maps anzeigen [&hellip;]<\/p>\n","protected":false},"author":1,"featured_media":0,"parent":0,"menu_order":0,"comment_status":"closed","ping_status":"closed","template":"","meta":{"_et_pb_use_builder":"on","_et_pb_old_content":"","_et_gb_content_width":"","footnotes":""},"class_list":["post-21036","page","type-page","status-publish","hentry"],"_links":{"self":[{"href":"https:\/\/invester.at\/en\/wp-json\/wp\/v2\/pages\/21036","targetHints":{"allow":["GET"]}}],"collection":[{"href":"https:\/\/invester.at\/en\/wp-json\/wp\/v2\/pages"}],"about":[{"href":"https:\/\/invester.at\/en\/wp-json\/wp\/v2\/types\/page"}],"author":[{"embeddable":true,"href":"https:\/\/invester.at\/en\/wp-json\/wp\/v2\/users\/1"}],"replies":[{"embeddable":true,"href":"https:\/\/invester.at\/en\/wp-json\/wp\/v2\/comments?post=21036"}],"version-history":[{"count":10,"href":"https:\/\/invester.at\/en\/wp-json\/wp\/v2\/pages\/21036\/revisions"}],"predecessor-version":[{"id":23105,"href":"https:\/\/invester.at\/en\/wp-json\/wp\/v2\/pages\/21036\/revisions\/23105"}],"wp:attachment":[{"href":"https:\/\/invester.at\/en\/wp-json\/wp\/v2\/media?parent=21036"}],"curies":[{"name":"wp","href":"https:\/\/api.w.org\/{rel}","templated":true}]}}